{"id":2783,"date":"2025-09-30T17:21:00","date_gmt":"2025-09-30T21:21:00","guid":{"rendered":"https:\/\/reflexesante.ca\/faq\/"},"modified":"2025-11-03T16:36:03","modified_gmt":"2025-11-03T21:36:03","slug":"faq","status":"publish","type":"page","link":"https:\/\/reflexesante.ca\/en\/faq\/","title":{"rendered":"FAQ"},"content":{"rendered":"\t\t<div data-elementor-type=\"wp-page\" data-elementor-id=\"2783\" class=\"elementor elementor-2783 elementor-1819\" data-elementor-post-type=\"page\">\n\t\t\t\t<div class=\"elementor-element elementor-element-fe4b6ef e-flex e-con-boxed e-con e-parent\" data-id=\"fe4b6ef\" data-element_type=\"container\" data-e-type=\"container\" data-settings=\"{&quot;background_background&quot;:&quot;classic&quot;}\">\n\t\t\t\t\t<div class=\"e-con-inner\">\n\t\t<div class=\"elementor-element elementor-element-45c27a0 e-con-full e-flex e-con e-child\" data-id=\"45c27a0\" data-element_type=\"container\" data-e-type=\"container\">\n\t\t<div class=\"elementor-element elementor-element-5b33cbc e-con-full e-flex e-con e-child\" data-id=\"5b33cbc\" data-element_type=\"container\" data-e-type=\"container\">\n\t\t\t\t<div class=\"elementor-element elementor-element-4716f2b elementor-widget elementor-widget-heading\" data-id=\"4716f2b\" data-element_type=\"widget\" data-e-type=\"widget\" data-widget_type=\"heading.default\">\n\t\t\t\t<div class=\"elementor-widget-container\">\n\t\t\t\t\t<h2 class=\"elementor-heading-title elementor-size-default\">FAQ<\/h2>\t\t\t\t<\/div>\n\t\t\t\t<\/div>\n\t\t\t\t<\/div>\n\t\t\t\t<\/div>\n\t\t\t\t\t<\/div>\n\t\t\t\t<\/div>\n\t\t<div class=\"elementor-element elementor-element-becdddf e-flex e-con-boxed e-con e-parent\" data-id=\"becdddf\" data-element_type=\"container\" data-e-type=\"container\" data-settings=\"{&quot;background_background&quot;:&quot;classic&quot;}\">\n\t\t\t\t\t<div class=\"e-con-inner\">\n\t\t<div class=\"elementor-element elementor-element-ee65787 e-flex e-con-boxed e-con e-child\" data-id=\"ee65787\" data-element_type=\"container\" data-e-type=\"container\">\n\t\t\t\t\t<div class=\"e-con-inner\">\n\t\t<div class=\"elementor-element elementor-element-19c33a9 e-flex e-con-boxed e-con e-child\" data-id=\"19c33a9\" data-element_type=\"container\" data-e-type=\"container\">\n\t\t\t\t\t<div class=\"e-con-inner\">\n\t\t<div class=\"elementor-element elementor-element-1c445dd e-con-full e-flex e-con e-child\" data-id=\"1c445dd\" data-element_type=\"container\" data-e-type=\"container\">\n\t\t<div class=\"elementor-element elementor-element-61ed9d0 e-con-full e-flex e-con e-child\" data-id=\"61ed9d0\" data-element_type=\"container\" data-e-type=\"container\">\n\t\t\t\t<div class=\"elementor-element elementor-element-e68c1dc elementor-invisible elementor-widget elementor-widget-heading\" data-id=\"e68c1dc\" data-element_type=\"widget\" data-e-type=\"widget\" data-settings=\"{&quot;_animation&quot;:&quot;fadeInUp&quot;}\" data-widget_type=\"heading.default\">\n\t\t\t\t<div class=\"elementor-widget-container\">\n\t\t\t\t\t<h3 class=\"elementor-heading-title elementor-size-default\">Frequently Asked Questions<\/h3>\t\t\t\t<\/div>\n\t\t\t\t<\/div>\n\t\t\t\t<\/div>\n\t\t\t\t<div class=\"elementor-element elementor-element-0097b6a elementor-widget elementor-widget-n-accordion\" data-id=\"0097b6a\" data-element_type=\"widget\" data-e-type=\"widget\" data-settings=\"{&quot;default_state&quot;:&quot;expanded&quot;,&quot;max_items_expended&quot;:&quot;one&quot;,&quot;n_accordion_animation_duration&quot;:{&quot;unit&quot;:&quot;ms&quot;,&quot;size&quot;:400,&quot;sizes&quot;:[]}}\" data-widget_type=\"nested-accordion.default\">\n\t\t\t\t<div class=\"elementor-widget-container\">\n\t\t\t\t\t\t\t<div class=\"e-n-accordion\" aria-label=\"Accordion. Open links with Enter or Space, close with Escape, and navigate with Arrow Keys\">\n\t\t\t\t\t\t<details id=\"e-n-accordion-item-6210\" class=\"e-n-accordion-item\" open>\n\t\t\t\t<summary class=\"e-n-accordion-item-title\" data-accordion-index=\"1\" tabindex=\"0\" aria-expanded=\"true\" aria-controls=\"e-n-accordion-item-6210\" >\n\t\t\t\t\t<span class='e-n-accordion-item-title-header'><h3 class=\"e-n-accordion-item-title-text\"> What is the history of reflexology? <\/h3><\/span>\n\t\t\t\t\t\t\t<span class='e-n-accordion-item-title-icon'>\n\t\t\t<span class='e-opened' ><i aria-hidden=\"true\" class=\"fas fa-chevron-up\"><\/i><\/span>\n\t\t\t<span class='e-closed'><i aria-hidden=\"true\" class=\"fas fa-chevron-down\"><\/i><\/span>\n\t\t<\/span>\n\n\t\t\t\t\t\t<\/summary>\n\t\t\t\t<div role=\"region\" aria-labelledby=\"e-n-accordion-item-6210\" class=\"elementor-element elementor-element-fd5e578 e-con-full e-flex e-con e-child\" data-id=\"fd5e578\" data-element_type=\"container\" data-e-type=\"container\">\n\t\t\t\t<div class=\"elementor-element elementor-element-92bdebd elementor-widget elementor-widget-text-editor\" data-id=\"92bdebd\" data-element_type=\"widget\" data-e-type=\"widget\" data-widget_type=\"text-editor.default\">\n\t\t\t\t<div class=\"elementor-widget-container\">\n\t\t\t\t\t\t\t\t\t<p>The ancient art of reflexology originates from the Orient and the Middle East. It dates back almost 5000 years and is still practiced today in the Western world. Although we remain uncertain about the true origin of this powerful therapy, it is sufficient to say that it has stood the test of time and has helped thousands of people to better health. Many people report the benefits and effectiveness of the treatment, which has led to widespread research into the field of reflexology.<\/p>\n<p>During the 16th century, several works were published on zone therapy (reflexology), but the re-discovery of a systematic method of foot treatment is attributed to Dr. William Fitzgerald, who called it \u201cZone Therapy.\u201d This new method drew the attention of the medical world between 1915 and 1917.<\/p>\n\t\t\t\t\t\t\t\t<\/div>\n\t\t\t\t<\/div>\n\t\t\t\t<\/div>\n\t\t\t\t\t<\/details>\n\t\t\t\t\t\t<details id=\"e-n-accordion-item-6211\" class=\"e-n-accordion-item\" >\n\t\t\t\t<summary class=\"e-n-accordion-item-title\" data-accordion-index=\"2\" tabindex=\"-1\" aria-expanded=\"false\" aria-controls=\"e-n-accordion-item-6211\" >\n\t\t\t\t\t<span class='e-n-accordion-item-title-header'><h3 class=\"e-n-accordion-item-title-text\"> What about today\u2019s reflexology? <\/h3><\/span>\n\t\t\t\t\t\t\t<span class='e-n-accordion-item-title-icon'>\n\t\t\t<span class='e-opened' ><i aria-hidden=\"true\" class=\"fas fa-chevron-up\"><\/i><\/span>\n\t\t\t<span class='e-closed'><i aria-hidden=\"true\" class=\"fas fa-chevron-down\"><\/i><\/span>\n\t\t<\/span>\n\n\t\t\t\t\t\t<\/summary>\n\t\t\t\t<div role=\"region\" aria-labelledby=\"e-n-accordion-item-6211\" class=\"elementor-element elementor-element-84e6722 e-con-full e-flex e-con e-child\" data-id=\"84e6722\" data-element_type=\"container\" data-e-type=\"container\">\n\t\t\t\t<div class=\"elementor-element elementor-element-3ee7e97 elementor-widget elementor-widget-text-editor\" data-id=\"3ee7e97\" data-element_type=\"widget\" data-e-type=\"widget\" data-widget_type=\"text-editor.default\">\n\t\t\t\t<div class=\"elementor-widget-container\">\n\t\t\t\t\t\t\t\t\t<p>Modern reflexology was developed in America in the early 1900s by medical doctors. The techniques that form the basis for today\u2019s practitioners were pioneered and developed by physiotherapist Eunice Ingham (1889\u20131974), who extended the work of Dr. Fitzgerald and painstakingly mapped the feet with all the corresponding organs and glands of the body.<\/p>\n\t\t\t\t\t\t\t\t<\/div>\n\t\t\t\t<\/div>\n\t\t\t\t<\/div>\n\t\t\t\t\t<\/details>\n\t\t\t\t\t\t<details id=\"e-n-accordion-item-6212\" class=\"e-n-accordion-item\" >\n\t\t\t\t<summary class=\"e-n-accordion-item-title\" data-accordion-index=\"3\" tabindex=\"-1\" aria-expanded=\"false\" aria-controls=\"e-n-accordion-item-6212\" >\n\t\t\t\t\t<span class='e-n-accordion-item-title-header'><h3 class=\"e-n-accordion-item-title-text\"> Is reflexology safe? <\/h3><\/span>\n\t\t\t\t\t\t\t<span class='e-n-accordion-item-title-icon'>\n\t\t\t<span class='e-opened' ><i aria-hidden=\"true\" class=\"fas fa-chevron-up\"><\/i><\/span>\n\t\t\t<span class='e-closed'><i aria-hidden=\"true\" class=\"fas fa-chevron-down\"><\/i><\/span>\n\t\t<\/span>\n\n\t\t\t\t\t\t<\/summary>\n\t\t\t\t<div role=\"region\" aria-labelledby=\"e-n-accordion-item-6212\" class=\"elementor-element elementor-element-5d49df1 e-con-full e-flex e-con e-child\" data-id=\"5d49df1\" data-element_type=\"container\" data-e-type=\"container\">\n\t\t\t\t<div class=\"elementor-element elementor-element-2f652c9 elementor-widget elementor-widget-text-editor\" data-id=\"2f652c9\" data-element_type=\"widget\" data-e-type=\"widget\" data-widget_type=\"text-editor.default\">\n\t\t\t\t<div class=\"elementor-widget-container\">\n\t\t\t\t\t\t\t\t\t<p>Modern reflexology was developed in America in the early 1900s by medical doctors. The techniques that form the basis for today\u2019s practitioners were pioneered and developed by physiotherapist Eunice Ingham (1889\u20131974), who extended the work of Dr. Fitzgerald and painstakingly mapped the feet with all the corresponding organs and glands of the body.<\/p>\n\t\t\t\t\t\t\t\t<\/div>\n\t\t\t\t<\/div>\n\t\t\t\t<\/div>\n\t\t\t\t\t<\/details>\n\t\t\t\t\t\t<details id=\"e-n-accordion-item-6213\" class=\"e-n-accordion-item\" >\n\t\t\t\t<summary class=\"e-n-accordion-item-title\" data-accordion-index=\"4\" tabindex=\"-1\" aria-expanded=\"false\" aria-controls=\"e-n-accordion-item-6213\" >\n\t\t\t\t\t<span class='e-n-accordion-item-title-header'><h3 class=\"e-n-accordion-item-title-text\"> Is reflexology painful? <\/h3><\/span>\n\t\t\t\t\t\t\t<span class='e-n-accordion-item-title-icon'>\n\t\t\t<span class='e-opened' ><i aria-hidden=\"true\" class=\"fas fa-chevron-up\"><\/i><\/span>\n\t\t\t<span class='e-closed'><i aria-hidden=\"true\" class=\"fas fa-chevron-down\"><\/i><\/span>\n\t\t<\/span>\n\n\t\t\t\t\t\t<\/summary>\n\t\t\t\t<div role=\"region\" aria-labelledby=\"e-n-accordion-item-6213\" class=\"elementor-element elementor-element-0fe7818 e-con-full e-flex e-con e-child\" data-id=\"0fe7818\" data-element_type=\"container\" data-e-type=\"container\">\n\t\t\t\t<div class=\"elementor-element elementor-element-9beb0b0 elementor-widget elementor-widget-text-editor\" data-id=\"9beb0b0\" data-element_type=\"widget\" data-e-type=\"widget\" data-widget_type=\"text-editor.default\">\n\t\t\t\t<div class=\"elementor-widget-container\">\n\t\t\t\t\t\t\t\t\t<p>Reflexology can be extremely relaxing; however, if there is a part of the body that is unbalanced, the corresponding reflex point may feel sore or tender while the practitioner works to rebalance the area. If at any time you find the treatment uncomfortable, please let your therapist know, as it is important to work within your comfort zone.<\/p>\n\t\t\t\t\t\t\t\t<\/div>\n\t\t\t\t<\/div>\n\t\t\t\t<\/div>\n\t\t\t\t\t<\/details>\n\t\t\t\t\t\t<details id=\"e-n-accordion-item-6214\" class=\"e-n-accordion-item\" >\n\t\t\t\t<summary class=\"e-n-accordion-item-title\" data-accordion-index=\"5\" tabindex=\"-1\" aria-expanded=\"false\" aria-controls=\"e-n-accordion-item-6214\" >\n\t\t\t\t\t<span class='e-n-accordion-item-title-header'><h3 class=\"e-n-accordion-item-title-text\"> Is reflexology ticklish? <\/h3><\/span>\n\t\t\t\t\t\t\t<span class='e-n-accordion-item-title-icon'>\n\t\t\t<span class='e-opened' ><i aria-hidden=\"true\" class=\"fas fa-chevron-up\"><\/i><\/span>\n\t\t\t<span class='e-closed'><i aria-hidden=\"true\" class=\"fas fa-chevron-down\"><\/i><\/span>\n\t\t<\/span>\n\n\t\t\t\t\t\t<\/summary>\n\t\t\t\t<div role=\"region\" aria-labelledby=\"e-n-accordion-item-6214\" class=\"elementor-element elementor-element-e46fb0c e-con-full e-flex e-con e-child\" data-id=\"e46fb0c\" data-element_type=\"container\" data-e-type=\"container\">\n\t\t\t\t<div class=\"elementor-element elementor-element-8b36ca6 elementor-widget elementor-widget-text-editor\" data-id=\"8b36ca6\" data-element_type=\"widget\" data-e-type=\"widget\" data-widget_type=\"text-editor.default\">\n\t\t\t\t<div class=\"elementor-widget-container\">\n\t\t\t\t\t\t\t\t\t<p><strong>No.<\/strong> Due to the firmness of the pressure applied by professional reflexologists, the therapy does not tickle.<\/p>\n\t\t\t\t\t\t\t\t<\/div>\n\t\t\t\t<\/div>\n\t\t\t\t<\/div>\n\t\t\t\t\t<\/details>\n\t\t\t\t\t\t<details id=\"e-n-accordion-item-6215\" class=\"e-n-accordion-item\" >\n\t\t\t\t<summary class=\"e-n-accordion-item-title\" data-accordion-index=\"6\" tabindex=\"-1\" aria-expanded=\"false\" aria-controls=\"e-n-accordion-item-6215\" >\n\t\t\t\t\t<span class='e-n-accordion-item-title-header'><h3 class=\"e-n-accordion-item-title-text\"> Do reflexologists need to be certified in order to practice? <\/h3><\/span>\n\t\t\t\t\t\t\t<span class='e-n-accordion-item-title-icon'>\n\t\t\t<span class='e-opened' ><i aria-hidden=\"true\" class=\"fas fa-chevron-up\"><\/i><\/span>\n\t\t\t<span class='e-closed'><i aria-hidden=\"true\" class=\"fas fa-chevron-down\"><\/i><\/span>\n\t\t<\/span>\n\n\t\t\t\t\t\t<\/summary>\n\t\t\t\t<div role=\"region\" aria-labelledby=\"e-n-accordion-item-6215\" class=\"elementor-element elementor-element-5084527 e-con-full e-flex e-con e-child\" data-id=\"5084527\" data-element_type=\"container\" data-e-type=\"container\">\n\t\t\t\t<div class=\"elementor-element elementor-element-c2308c5 elementor-widget elementor-widget-text-editor\" data-id=\"c2308c5\" data-element_type=\"widget\" data-e-type=\"widget\" data-widget_type=\"text-editor.default\">\n\t\t\t\t<div class=\"elementor-widget-container\">\n\t\t\t\t\t\t\t\t\t<p>No. Currently in Canada, there is no regulation governing reflexology. As a result, standards of practice can vary considerably. We recommend that you choose a practitioner who holds the RCRT (Registered Certified Reflexology Therapist) designation. This means that the therapist has graduated from an approved course under a licensed reflexology instructor and is a member of the Reflexology Association of Canada.<\/p>\n<p>RCRT practitioners have met recognized professional standards and requirements and are insured to practice. They are also committed to continuing education throughout their careers to maintain and enhance their skills.<\/p>\n\t\t\t\t\t\t\t\t<\/div>\n\t\t\t\t<\/div>\n\t\t\t\t<\/div>\n\t\t\t\t\t<\/details>\n\t\t\t\t\t\t<details id=\"e-n-accordion-item-6216\" class=\"e-n-accordion-item\" >\n\t\t\t\t<summary class=\"e-n-accordion-item-title\" data-accordion-index=\"7\" tabindex=\"-1\" aria-expanded=\"false\" aria-controls=\"e-n-accordion-item-6216\" >\n\t\t\t\t\t<span class='e-n-accordion-item-title-header'><h3 class=\"e-n-accordion-item-title-text\"> Why choose R\u00e9flexe Sant\u00e9 for my reflexology treatments? <\/h3><\/span>\n\t\t\t\t\t\t\t<span class='e-n-accordion-item-title-icon'>\n\t\t\t<span class='e-opened' ><i aria-hidden=\"true\" class=\"fas fa-chevron-up\"><\/i><\/span>\n\t\t\t<span class='e-closed'><i aria-hidden=\"true\" class=\"fas fa-chevron-down\"><\/i><\/span>\n\t\t<\/span>\n\n\t\t\t\t\t\t<\/summary>\n\t\t\t\t<div role=\"region\" aria-labelledby=\"e-n-accordion-item-6216\" class=\"elementor-element elementor-element-f226af2 e-con-full e-flex e-con e-child\" data-id=\"f226af2\" data-element_type=\"container\" data-e-type=\"container\">\n\t\t\t\t<div class=\"elementor-element elementor-element-42b7cab elementor-widget elementor-widget-text-editor\" data-id=\"42b7cab\" data-element_type=\"widget\" data-e-type=\"widget\" data-widget_type=\"text-editor.default\">\n\t\t\t\t<div class=\"elementor-widget-container\">\n\t\t\t\t\t\t\t\t\t<p>Louise Groulx, owner of R\u00e9flexe Sant\u00e9, is a certified reflexologist (RCRT) and fully specialized in the practice of reflexology. She holds a Bachelor\u2019s degree in Nursing Sciences from the University of Ottawa and has extensive knowledge of human anatomy, biology, and years of professional experience in the health field.<\/p>\n<p>She is also a licensed reflexology teacher for both foot and hand reflexology, certified by the Reflexology Association of Canada. Beyond her scientific and therapeutic expertise, Louise has a natural desire and ability to care for and help people achieve their health and wellness goals.<\/p>\n\t\t\t\t\t\t\t\t<\/div>\n\t\t\t\t<\/div>\n\t\t\t\t<\/div>\n\t\t\t\t\t<\/details>\n\t\t\t\t\t\t<details id=\"e-n-accordion-item-6217\" class=\"e-n-accordion-item\" >\n\t\t\t\t<summary class=\"e-n-accordion-item-title\" data-accordion-index=\"8\" tabindex=\"-1\" aria-expanded=\"false\" aria-controls=\"e-n-accordion-item-6217\" >\n\t\t\t\t\t<span class='e-n-accordion-item-title-header'><h3 class=\"e-n-accordion-item-title-text\"> What if I prefer deep tissue work? <\/h3><\/span>\n\t\t\t\t\t\t\t<span class='e-n-accordion-item-title-icon'>\n\t\t\t<span class='e-opened' ><i aria-hidden=\"true\" class=\"fas fa-chevron-up\"><\/i><\/span>\n\t\t\t<span class='e-closed'><i aria-hidden=\"true\" class=\"fas fa-chevron-down\"><\/i><\/span>\n\t\t<\/span>\n\n\t\t\t\t\t\t<\/summary>\n\t\t\t\t<div role=\"region\" aria-labelledby=\"e-n-accordion-item-6217\" class=\"elementor-element elementor-element-9844d51 e-con-full e-flex e-con e-child\" data-id=\"9844d51\" data-element_type=\"container\" data-e-type=\"container\">\n\t\t\t\t<div class=\"elementor-element elementor-element-9c6cb11 elementor-widget elementor-widget-text-editor\" data-id=\"9c6cb11\" data-element_type=\"widget\" data-e-type=\"widget\" data-widget_type=\"text-editor.default\">\n\t\t\t\t<div class=\"elementor-widget-container\">\n\t\t\t\t\t\t\t\t\t<p>Many reflexologists believe that optimal results can be achieved without the use of firm pressure. However, since everyone\u2019s pain tolerance varies, some people prefer stronger pressure and find this approach more beneficial. If you have a preference for deep or gentle pressure, please let your therapist know.<\/p>\n\t\t\t\t\t\t\t\t<\/div>\n\t\t\t\t<\/div>\n\t\t\t\t<\/div>\n\t\t\t\t\t<\/details>\n\t\t\t\t\t\t<details id=\"e-n-accordion-item-6218\" class=\"e-n-accordion-item\" >\n\t\t\t\t<summary class=\"e-n-accordion-item-title\" data-accordion-index=\"9\" tabindex=\"-1\" aria-expanded=\"false\" aria-controls=\"e-n-accordion-item-6218\" >\n\t\t\t\t\t<span class='e-n-accordion-item-title-header'><h3 class=\"e-n-accordion-item-title-text\"> Is reflexology covered by my insurance? <\/h3><\/span>\n\t\t\t\t\t\t\t<span class='e-n-accordion-item-title-icon'>\n\t\t\t<span class='e-opened' ><i aria-hidden=\"true\" class=\"fas fa-chevron-up\"><\/i><\/span>\n\t\t\t<span class='e-closed'><i aria-hidden=\"true\" class=\"fas fa-chevron-down\"><\/i><\/span>\n\t\t<\/span>\n\n\t\t\t\t\t\t<\/summary>\n\t\t\t\t<div role=\"region\" aria-labelledby=\"e-n-accordion-item-6218\" class=\"elementor-element elementor-element-3c54ea4 e-con-full e-flex e-con e-child\" data-id=\"3c54ea4\" data-element_type=\"container\" data-e-type=\"container\">\n\t\t\t\t<div class=\"elementor-element elementor-element-c3b0aa4 elementor-widget elementor-widget-text-editor\" data-id=\"c3b0aa4\" data-element_type=\"widget\" data-e-type=\"widget\" data-widget_type=\"text-editor.default\">\n\t\t\t\t<div class=\"elementor-widget-container\">\n\t\t\t\t\t\t\t\t\t<p>Reflexology is sometimes reimbursed under certain health insurance plans. However, it is important to check with your employer or insurance provider to confirm whether reflexology treatments are covered. R\u00e9flexe Sant\u00e9 will issue a receipt for the services provided.<\/p>\n\t\t\t\t\t\t\t\t<\/div>\n\t\t\t\t<\/div>\n\t\t\t\t<\/div>\n\t\t\t\t\t<\/details>\n\t\t\t\t\t<\/div>\n\t\t\t\t\t<script type=\"application\/ld+json\">{\"@context\":\"https:\\\/\\\/schema.org\",\"@type\":\"FAQPage\",\"mainEntity\":[{\"@type\":\"Question\",\"name\":\"What is the history of reflexology?\",\"acceptedAnswer\":{\"@type\":\"Answer\",\"text\":\"The ancient art of reflexology originates from the Orient and the Middle East. It dates back almost 5000 years and is still practiced today in the Western world. Although we remain uncertain about the true origin of this powerful therapy, it is sufficient to say that it has stood the test of time and has helped thousands of people to better health. Many people report the benefits and effectiveness of the treatment, which has led to widespread research into the field of reflexology.\\nDuring the 16th century, several works were published on zone therapy (reflexology), but the re-discovery of a systematic method of foot treatment is attributed to Dr. William Fitzgerald, who called it \\u201cZone Therapy.\\u201d This new method drew the attention of the medical world between 1915 and 1917.\"}},{\"@type\":\"Question\",\"name\":\"What about today\\u2019s reflexology?\",\"acceptedAnswer\":{\"@type\":\"Answer\",\"text\":\"Modern reflexology was developed in America in the early 1900s by medical doctors. The techniques that form the basis for today\\u2019s practitioners were pioneered and developed by physiotherapist Eunice Ingham (1889\\u20131974), who extended the work of Dr. Fitzgerald and painstakingly mapped the feet with all the corresponding organs and glands of the body.\"}},{\"@type\":\"Question\",\"name\":\"Is reflexology safe?\",\"acceptedAnswer\":{\"@type\":\"Answer\",\"text\":\"Modern reflexology was developed in America in the early 1900s by medical doctors. The techniques that form the basis for today\\u2019s practitioners were pioneered and developed by physiotherapist Eunice Ingham (1889\\u20131974), who extended the work of Dr. Fitzgerald and painstakingly mapped the feet with all the corresponding organs and glands of the body.\"}},{\"@type\":\"Question\",\"name\":\"Is reflexology painful?\",\"acceptedAnswer\":{\"@type\":\"Answer\",\"text\":\"Reflexology can be extremely relaxing; however, if there is a part of the body that is unbalanced, the corresponding reflex point may feel sore or tender while the practitioner works to rebalance the area. If at any time you find the treatment uncomfortable, please let your therapist know, as it is important to work within your comfort zone.\"}},{\"@type\":\"Question\",\"name\":\"Is reflexology ticklish?\",\"acceptedAnswer\":{\"@type\":\"Answer\",\"text\":\"No. Due to the firmness of the pressure applied by professional reflexologists, the therapy does not tickle.\"}},{\"@type\":\"Question\",\"name\":\"Do reflexologists need to be certified in order to practice?\",\"acceptedAnswer\":{\"@type\":\"Answer\",\"text\":\"No. Currently in Canada, there is no regulation governing reflexology. As a result, standards of practice can vary considerably. We recommend that you choose a practitioner who holds the RCRT (Registered Certified Reflexology Therapist) designation. This means that the therapist has graduated from an approved course under a licensed reflexology instructor and is a member of the Reflexology Association of Canada.\\nRCRT practitioners have met recognized professional standards and requirements and are insured to practice. They are also committed to continuing education throughout their careers to maintain and enhance their skills.\"}},{\"@type\":\"Question\",\"name\":\"Why choose R\\u00e9flexe Sant\\u00e9 for my reflexology treatments?\",\"acceptedAnswer\":{\"@type\":\"Answer\",\"text\":\"Louise Groulx, owner of R\\u00e9flexe Sant\\u00e9, is a certified reflexologist (RCRT) and fully specialized in the practice of reflexology. She holds a Bachelor\\u2019s degree in Nursing Sciences from the University of Ottawa and has extensive knowledge of human anatomy, biology, and years of professional experience in the health field.\\nShe is also a licensed reflexology teacher for both foot and hand reflexology, certified by the Reflexology Association of Canada. Beyond her scientific and therapeutic expertise, Louise has a natural desire and ability to care for and help people achieve their health and wellness goals.\"}},{\"@type\":\"Question\",\"name\":\"What if I prefer deep tissue work?\",\"acceptedAnswer\":{\"@type\":\"Answer\",\"text\":\"Many reflexologists believe that optimal results can be achieved without the use of firm pressure. However, since everyone\\u2019s pain tolerance varies, some people prefer stronger pressure and find this approach more beneficial. If you have a preference for deep or gentle pressure, please let your therapist know.\"}},{\"@type\":\"Question\",\"name\":\"Is reflexology covered by my insurance?\",\"acceptedAnswer\":{\"@type\":\"Answer\",\"text\":\"Reflexology is sometimes reimbursed under certain health insurance plans. However, it is important to check with your employer or insurance provider to confirm whether reflexology treatments are covered. R\\u00e9flexe Sant\\u00e9 will issue a receipt for the services provided.\"}}]}<\/script>\n\t\t\t\t\t\t\t<\/div>\n\t\t\t\t<\/div>\n\t\t\t\t<\/div>\n\t\t\t\t\t<\/div>\n\t\t\t\t<\/div>\n\t\t\t\t\t<\/div>\n\t\t\t\t<\/div>\n\t\t\t\t\t<\/div>\n\t\t\t\t<\/div>\n\t\t\t\t<\/div>\n\t\t","protected":false},"excerpt":{"rendered":"<p>Frequently Asked Questions What is the history of reflexology? The ancient art of reflexology originates from the Orient and the Middle East. It dates back almost 5000 years and is still practiced today in the Western world. Although we remain uncertain about the true origin of this powerful therapy, it is sufficient to say that [&hellip;]<\/p>\n","protected":false},"author":1,"featured_media":0,"parent":0,"menu_order":5,"comment_status":"closed","ping_status":"closed","template":"","meta":{"_acf_changed":false,"_seopress_robots_primary_cat":"","_seopress_titles_title":"FAQ \u2013 Reflexology Questions & Answers | R\u00e9flexe Sant\u00e9","_seopress_titles_desc":"Find answers about reflexology safety, effectiveness, insurance coverage, and why R\u00e9flexe Sant\u00e9 is your best choice in Ottawa.","_seopress_robots_index":"","footnotes":""},"class_list":["post-2783","page","type-page","status-publish"],"acf":[],"_links":{"self":[{"href":"https:\/\/reflexesante.ca\/en\/wp-json\/wp\/v2\/pages\/2783","targetHints":{"allow":["GET"]}}],"collection":[{"href":"https:\/\/reflexesante.ca\/en\/wp-json\/wp\/v2\/pages"}],"about":[{"href":"https:\/\/reflexesante.ca\/en\/wp-json\/wp\/v2\/types\/page"}],"author":[{"embeddable":true,"href":"https:\/\/reflexesante.ca\/en\/wp-json\/wp\/v2\/users\/1"}],"replies":[{"embeddable":true,"href":"https:\/\/reflexesante.ca\/en\/wp-json\/wp\/v2\/comments?post=2783"}],"version-history":[{"count":1,"href":"https:\/\/reflexesante.ca\/en\/wp-json\/wp\/v2\/pages\/2783\/revisions"}],"predecessor-version":[{"id":2784,"href":"https:\/\/reflexesante.ca\/en\/wp-json\/wp\/v2\/pages\/2783\/revisions\/2784"}],"wp:attachment":[{"href":"https:\/\/reflexesante.ca\/en\/wp-json\/wp\/v2\/media?parent=2783"}],"curies":[{"name":"wp","href":"https:\/\/api.w.org\/{rel}","templated":true}]}}