{"id":2781,"date":"2025-09-30T17:16:27","date_gmt":"2025-09-30T21:16:27","guid":{"rendered":"https:\/\/reflexesante.ca\/about-us\/"},"modified":"2025-11-03T16:33:10","modified_gmt":"2025-11-03T21:33:10","slug":"about-us","status":"publish","type":"page","link":"https:\/\/reflexesante.ca\/en\/about-us\/","title":{"rendered":"About Us"},"content":{"rendered":"\t\t<div data-elementor-type=\"wp-page\" data-elementor-id=\"2781\" class=\"elementor elementor-2781 elementor-1807\" data-elementor-post-type=\"page\">\n\t\t\t\t<div class=\"elementor-element elementor-element-2a70a20 e-flex e-con-boxed e-con e-parent\" data-id=\"2a70a20\" data-element_type=\"container\" data-e-type=\"container\" data-settings=\"{&quot;background_background&quot;:&quot;classic&quot;}\">\n\t\t\t\t\t<div class=\"e-con-inner\">\n\t\t<div class=\"elementor-element elementor-element-ab89366 e-con-full e-flex e-con e-child\" data-id=\"ab89366\" data-element_type=\"container\" data-e-type=\"container\">\n\t\t<div class=\"elementor-element elementor-element-aee54a5 e-con-full e-flex e-con e-child\" data-id=\"aee54a5\" data-element_type=\"container\" data-e-type=\"container\">\n\t\t\t\t<div class=\"elementor-element elementor-element-eea13dd elementor-widget elementor-widget-heading\" data-id=\"eea13dd\" data-element_type=\"widget\" data-e-type=\"widget\" data-widget_type=\"heading.default\">\n\t\t\t\t<div class=\"elementor-widget-container\">\n\t\t\t\t\t<h2 class=\"elementor-heading-title elementor-size-default\">About Us<\/h2>\t\t\t\t<\/div>\n\t\t\t\t<\/div>\n\t\t\t\t<\/div>\n\t\t\t\t<\/div>\n\t\t\t\t\t<\/div>\n\t\t\t\t<\/div>\n\t\t<div class=\"elementor-element elementor-element-87d037e e-flex e-con-boxed e-con e-parent\" data-id=\"87d037e\" data-element_type=\"container\" data-e-type=\"container\" data-settings=\"{&quot;background_background&quot;:&quot;classic&quot;}\">\n\t\t\t\t\t<div class=\"e-con-inner\">\n\t\t<div class=\"elementor-element elementor-element-e935afe e-con-full e-flex e-con e-child\" data-id=\"e935afe\" data-element_type=\"container\" data-e-type=\"container\">\n\t\t<div class=\"elementor-element elementor-element-83c8edd e-con-full e-flex e-con e-child\" data-id=\"83c8edd\" data-element_type=\"container\" data-e-type=\"container\">\n\t\t<div class=\"elementor-element elementor-element-4d60ac4 e-con-full e-flex e-con e-child\" data-id=\"4d60ac4\" data-element_type=\"container\" data-e-type=\"container\">\n\t\t\t\t<div class=\"elementor-element elementor-element-ff401e6 elementor-widget__width-inherit elementor-invisible elementor-widget elementor-widget-heading\" data-id=\"ff401e6\" data-element_type=\"widget\" data-e-type=\"widget\" data-settings=\"{&quot;_animation&quot;:&quot;fadeInUp&quot;}\" data-widget_type=\"heading.default\">\n\t\t\t\t<div class=\"elementor-widget-container\">\n\t\t\t\t\t<h3 class=\"elementor-heading-title elementor-size-default\">A Human Approach to Well-Being<\/h3>\t\t\t\t<\/div>\n\t\t\t\t<\/div>\n\t\t\t\t<\/div>\n\t\t<div class=\"elementor-element elementor-element-733bcb8 e-con-full e-flex e-con e-child\" data-id=\"733bcb8\" data-element_type=\"container\" data-e-type=\"container\">\n\t\t<div class=\"elementor-element elementor-element-d04d02b e-con-full e-flex e-con e-child\" data-id=\"d04d02b\" data-element_type=\"container\" data-e-type=\"container\">\n\t\t\t\t<div class=\"elementor-element elementor-element-87f1547 elementor-widget elementor-widget-text-editor\" data-id=\"87f1547\" data-element_type=\"widget\" data-e-type=\"widget\" data-widget_type=\"text-editor.default\">\n\t\t\t\t<div class=\"elementor-widget-container\">\n\t\t\t\t\t\t\t\t\t<p>Since 2012, R\u00e9flexe Sant\u00e9 has been providing professional and compassionate health and wellness care to the Cumberland \/ Orl\u00e9ans community in east Ottawa. Founded by certified reflexologist Louise Groulx, the practice is dedicated to offering personalized treatments that promote relaxation, vitality, and body balance.<\/p>\n\t\t\t\t\t\t\t\t<\/div>\n\t\t\t\t<\/div>\n\t\t\t\t<div class=\"elementor-element elementor-element-2c908c0 elementor-align-left elementor-tablet-align-center elementor-invisible elementor-widget elementor-widget-button\" data-id=\"2c908c0\" data-element_type=\"widget\" data-e-type=\"widget\" data-settings=\"{&quot;_animation&quot;:&quot;fadeIn&quot;,&quot;_animation_delay&quot;:300}\" data-widget_type=\"button.default\">\n\t\t\t\t<div class=\"elementor-widget-container\">\n\t\t\t\t\t\t\t\t\t<div class=\"elementor-button-wrapper\">\n\t\t\t\t\t<a class=\"elementor-button elementor-button-link elementor-size-sm\" href=\"https:\/\/reflexesante.ca\/en\/contact\/\">\n\t\t\t\t\t\t<span class=\"elementor-button-content-wrapper\">\n\t\t\t\t\t\t\t\t\t<span class=\"elementor-button-text\">Contact Us<\/span>\n\t\t\t\t\t<\/span>\n\t\t\t\t\t<\/a>\n\t\t\t\t<\/div>\n\t\t\t\t\t\t\t\t<\/div>\n\t\t\t\t<\/div>\n\t\t\t\t<\/div>\n\t\t\t\t<\/div>\n\t\t\t\t<\/div>\n\t\t<div class=\"elementor-element elementor-element-21fb555 e-con-full e-flex elementor-invisible e-con e-child\" data-id=\"21fb555\" data-element_type=\"container\" data-e-type=\"container\" data-settings=\"{&quot;animation&quot;:&quot;fadeIn&quot;}\">\n\t\t\t\t<div class=\"elementor-element elementor-element-d792adb elementor-widget__width-inherit elementor-widget elementor-widget-image\" data-id=\"d792adb\" data-element_type=\"widget\" data-e-type=\"widget\" data-widget_type=\"image.default\">\n\t\t\t\t<div class=\"elementor-widget-container\">\n\t\t\t\t\t\t\t\t\t\t\t\t\t\t\t<img alt=\"\" fetchpriority=\"high\" decoding=\"async\" width=\"800\" height=\"400\" src=\"https:\/\/reflexesante.ca\/wp-content\/uploads\/2025\/10\/rs_img_009-1024x512.jpg\" class=\"attachment-large size-large wp-image-2499\" alt=\"\" srcset=\"https:\/\/reflexesante.ca\/wp-content\/uploads\/2025\/10\/rs_img_009-1024x512.jpg 1024w, https:\/\/reflexesante.ca\/wp-content\/uploads\/2025\/10\/rs_img_009-300x150.jpg 300w, https:\/\/reflexesante.ca\/wp-content\/uploads\/2025\/10\/rs_img_009-768x384.jpg 768w, https:\/\/reflexesante.ca\/wp-content\/uploads\/2025\/10\/rs_img_009-1536x768.jpg 1536w, https:\/\/reflexesante.ca\/wp-content\/uploads\/2025\/10\/rs_img_009-2048x1024.jpg 2048w\" sizes=\"(max-width: 800px) 100vw, 800px\" \/>\t\t\t\t\t\t\t\t\t\t\t\t\t\t\t<\/div>\n\t\t\t\t<\/div>\n\t\t\t\t<\/div>\n\t\t\t\t<\/div>\n\t\t<div class=\"elementor-element elementor-element-e7d90a1 e-con-full e-flex elementor-invisible e-con e-child\" data-id=\"e7d90a1\" data-element_type=\"container\" data-e-type=\"container\" data-settings=\"{&quot;animation&quot;:&quot;fadeIn&quot;,&quot;animation_delay&quot;:300}\">\n\t\t<div class=\"elementor-element elementor-element-998f0f8 e-con-full e-grid e-con e-child\" data-id=\"998f0f8\" data-element_type=\"container\" data-e-type=\"container\">\n\t\t<div class=\"elementor-element elementor-element-542c745 e-con-full e-flex elementor-invisible e-con e-child\" data-id=\"542c745\" data-element_type=\"container\" data-e-type=\"container\" data-settings=\"{&quot;background_background&quot;:&quot;classic&quot;,&quot;animation&quot;:&quot;fadeInUp&quot;}\">\n\t\t<div class=\"elementor-element elementor-element-253a7ef e-flex e-con-boxed e-con e-child\" data-id=\"253a7ef\" data-element_type=\"container\" data-e-type=\"container\">\n\t\t\t\t\t<div class=\"e-con-inner\">\n\t\t\t\t<div class=\"elementor-element elementor-element-75b99cb elementor-widget elementor-widget-heading\" data-id=\"75b99cb\" data-element_type=\"widget\" data-e-type=\"widget\" data-widget_type=\"heading.default\">\n\t\t\t\t<div class=\"elementor-widget-container\">\n\t\t\t\t\t<h2 class=\"elementor-heading-title elementor-size-default\">Our Mission<\/h2>\t\t\t\t<\/div>\n\t\t\t\t<\/div>\n\t\t\t\t<div class=\"elementor-element elementor-element-53bbae0 elementor-widget__width-initial elementor-widget elementor-widget-text-editor\" data-id=\"53bbae0\" data-element_type=\"widget\" data-e-type=\"widget\" data-widget_type=\"text-editor.default\">\n\t\t\t\t<div class=\"elementor-widget-container\">\n\t\t\t\t\t\t\t\t\t<p class=\"p1\">To promote <span class=\"s1\">holistic health<\/span> and <span class=\"s1\">natural well-being<\/span> through reflexology, a complementary approach that supports the body\u2019s natural self-healing mechanisms.<\/p>\n<p class=\"p1\">At R\u00e9flexe Sant\u00e9, each treatment aims to <span class=\"s1\">restore energetic balance<\/span> and <span class=\"s1\">relieve physical and emotional tension<\/span> in a calm and respectful environment.<\/p>\n\t\t\t\t\t\t\t\t<\/div>\n\t\t\t\t<\/div>\n\t\t\t\t\t<\/div>\n\t\t\t\t<\/div>\n\t\t\t\t<\/div>\n\t\t<div class=\"elementor-element elementor-element-ee2fc92 e-con-full e-flex elementor-invisible e-con e-child\" data-id=\"ee2fc92\" data-element_type=\"container\" data-e-type=\"container\" data-settings=\"{&quot;background_background&quot;:&quot;classic&quot;,&quot;animation&quot;:&quot;fadeInUp&quot;,&quot;animation_delay&quot;:200}\">\n\t\t<div class=\"elementor-element elementor-element-043c748 e-flex e-con-boxed e-con e-child\" data-id=\"043c748\" data-element_type=\"container\" data-e-type=\"container\">\n\t\t\t\t\t<div class=\"e-con-inner\">\n\t\t\t\t<div class=\"elementor-element elementor-element-24ef751 elementor-widget elementor-widget-heading\" data-id=\"24ef751\" data-element_type=\"widget\" data-e-type=\"widget\" data-widget_type=\"heading.default\">\n\t\t\t\t<div class=\"elementor-widget-container\">\n\t\t\t\t\t<h2 class=\"elementor-heading-title elementor-size-default\">Our Values<\/h2>\t\t\t\t<\/div>\n\t\t\t\t<\/div>\n\t\t\t\t<div class=\"elementor-element elementor-element-f0084b0 elementor-widget__width-initial elementor-widget elementor-widget-text-editor\" data-id=\"f0084b0\" data-element_type=\"widget\" data-e-type=\"widget\" data-widget_type=\"text-editor.default\">\n\t\t\t\t<div class=\"elementor-widget-container\">\n\t\t\t\t\t\t\t\t\t<p class=\"p1\">At R\u00e9flexe Sant\u00e9, every treatment is guided by values of listening, respect, and integrity. We believe in a caring, human-centered approach where trust, gentleness, and professionalism come together to support each person\u2019s well-being. Our priority is to create a peaceful space where everyone feels welcomed, understood, and supported on their journey toward lasting balance.<\/p>\n\t\t\t\t\t\t\t\t<\/div>\n\t\t\t\t<\/div>\n\t\t\t\t\t<\/div>\n\t\t\t\t<\/div>\n\t\t\t\t<\/div>\n\t\t\t\t<\/div>\n\t\t\t\t<\/div>\n\t\t\t\t\t<\/div>\n\t\t\t\t<\/div>\n\t\t<div class=\"elementor-element elementor-element-d479f71 e-flex e-con-boxed e-con e-parent\" data-id=\"d479f71\" data-element_type=\"container\" data-e-type=\"container\" data-settings=\"{&quot;background_background&quot;:&quot;classic&quot;}\">\n\t\t\t\t\t<div class=\"e-con-inner\">\n\t\t<div class=\"elementor-element elementor-element-08f4726 e-flex e-con-boxed e-con e-child\" data-id=\"08f4726\" data-element_type=\"container\" data-e-type=\"container\">\n\t\t\t\t\t<div class=\"e-con-inner\">\n\t\t<div class=\"elementor-element elementor-element-7bb13f9 e-flex e-con-boxed e-con e-child\" data-id=\"7bb13f9\" data-element_type=\"container\" data-e-type=\"container\">\n\t\t\t\t\t<div class=\"e-con-inner\">\n\t\t<div class=\"elementor-element elementor-element-2f1a18b e-con-full e-flex e-con e-child\" data-id=\"2f1a18b\" data-element_type=\"container\" data-e-type=\"container\">\n\t\t<div class=\"elementor-element elementor-element-c522132 e-con-full e-flex e-con e-child\" data-id=\"c522132\" data-element_type=\"container\" data-e-type=\"container\">\n\t\t\t\t<div class=\"elementor-element elementor-element-d489903 elementor-invisible elementor-widget elementor-widget-heading\" data-id=\"d489903\" data-element_type=\"widget\" data-e-type=\"widget\" data-settings=\"{&quot;_animation&quot;:&quot;fadeInUp&quot;}\" data-widget_type=\"heading.default\">\n\t\t\t\t<div class=\"elementor-widget-container\">\n\t\t\t\t\t<h3 class=\"elementor-heading-title elementor-size-default\">Recognized Expertise<\/h3>\t\t\t\t<\/div>\n\t\t\t\t<\/div>\n\t\t\t\t<\/div>\n\t\t\t\t<div class=\"elementor-element elementor-element-69c68bb elementor-widget elementor-widget-text-editor\" data-id=\"69c68bb\" data-element_type=\"widget\" data-e-type=\"widget\" data-widget_type=\"text-editor.default\">\n\t\t\t\t<div class=\"elementor-widget-container\">\n\t\t\t\t\t\t\t\t\t<p class=\"p1\">Led by <span class=\"s1\">Louise Groulx<\/span>, a certified reflexologist (RCRT) and graduate in <span class=\"s1\">Nursing Sciences<\/span> from the University of Ottawa, R\u00e9flexe Sant\u00e9 combines <span class=\"s1\">scientific knowledge<\/span> with a <span class=\"s1\">holistic approach<\/span>.<\/p>\n<p class=\"p1\">With her background in health and her passion for teaching, Louise shares her expertise through <span class=\"s1\">professional training programs<\/span> and <span class=\"s1\">introductory courses<\/span> accessible to everyone.<\/p>\n\t\t\t\t\t\t\t\t<\/div>\n\t\t\t\t<\/div>\n\t\t\t\t<div class=\"elementor-element elementor-element-9727ae2 elementor-align-left elementor-invisible elementor-widget elementor-widget-button\" data-id=\"9727ae2\" data-element_type=\"widget\" data-e-type=\"widget\" data-settings=\"{&quot;_animation&quot;:&quot;fadeIn&quot;,&quot;_animation_delay&quot;:300}\" data-widget_type=\"button.default\">\n\t\t\t\t<div class=\"elementor-widget-container\">\n\t\t\t\t\t\t\t\t\t<div class=\"elementor-button-wrapper\">\n\t\t\t\t\t<a class=\"elementor-button elementor-button-link elementor-size-sm\" href=\"https:\/\/reflexesante.ca\/en\/louise-groulx-therapist\/\">\n\t\t\t\t\t\t<span class=\"elementor-button-content-wrapper\">\n\t\t\t\t\t\t\t\t\t<span class=\"elementor-button-text\">Learn More About Louise Groulx<\/span>\n\t\t\t\t\t<\/span>\n\t\t\t\t\t<\/a>\n\t\t\t\t<\/div>\n\t\t\t\t\t\t\t\t<\/div>\n\t\t\t\t<\/div>\n\t\t\t\t<\/div>\n\t\t<div class=\"elementor-element elementor-element-5b69315 e-con-full e-flex e-con e-child\" data-id=\"5b69315\" data-element_type=\"container\" data-e-type=\"container\" data-settings=\"{&quot;background_background&quot;:&quot;classic&quot;}\">\n\t\t\t\t<\/div>\n\t\t\t\t\t<\/div>\n\t\t\t\t<\/div>\n\t\t<div class=\"elementor-element elementor-element-fc3c2d1 e-con-full e-flex e-con e-child\" data-id=\"fc3c2d1\" data-element_type=\"container\" data-e-type=\"container\">\n\t\t<div class=\"elementor-element elementor-element-800e98a e-con-full e-flex e-con e-child\" data-id=\"800e98a\" data-element_type=\"container\" data-e-type=\"container\">\n\t\t<div class=\"elementor-element elementor-element-f5e9c11 e-con-full e-flex e-con e-child\" data-id=\"f5e9c11\" data-element_type=\"container\" data-e-type=\"container\">\n\t\t\t\t<div class=\"elementor-element elementor-element-a42ac8d elementor-invisible elementor-widget elementor-widget-heading\" data-id=\"a42ac8d\" data-element_type=\"widget\" data-e-type=\"widget\" data-settings=\"{&quot;_animation&quot;:&quot;fadeInUp&quot;}\" data-widget_type=\"heading.default\">\n\t\t\t\t<div class=\"elementor-widget-container\">\n\t\t\t\t\t<h3 class=\"elementor-heading-title elementor-size-default\">Frequently Asked Questions<\/h3>\t\t\t\t<\/div>\n\t\t\t\t<\/div>\n\t\t\t\t<\/div>\n\t\t\t\t<div class=\"elementor-element elementor-element-be6eb82 elementor-widget elementor-widget-text-editor\" data-id=\"be6eb82\" data-element_type=\"widget\" data-e-type=\"widget\" data-widget_type=\"text-editor.default\">\n\t\t\t\t<div class=\"elementor-widget-container\">\n\t\t\t\t\t\t\t\t\t<p class=\"p1\">Would you like to learn more about reflexology, pricing, or the treatments offered?<\/p>\n\t\t\t\t\t\t\t\t<\/div>\n\t\t\t\t<\/div>\n\t\t\t\t<div class=\"elementor-element elementor-element-321cea3 elementor-align-left elementor-tablet-align-center elementor-invisible elementor-widget elementor-widget-button\" data-id=\"321cea3\" data-element_type=\"widget\" data-e-type=\"widget\" data-settings=\"{&quot;_animation&quot;:&quot;fadeIn&quot;,&quot;_animation_delay&quot;:300}\" data-widget_type=\"button.default\">\n\t\t\t\t<div class=\"elementor-widget-container\">\n\t\t\t\t\t\t\t\t\t<div class=\"elementor-button-wrapper\">\n\t\t\t\t\t<a class=\"elementor-button elementor-button-link elementor-size-sm\" href=\"https:\/\/reflexesante.ca\/en\/faq\/\">\n\t\t\t\t\t\t<span class=\"elementor-button-content-wrapper\">\n\t\t\t\t\t\t\t\t\t<span class=\"elementor-button-text\">Visit our FAQ<\/span>\n\t\t\t\t\t<\/span>\n\t\t\t\t\t<\/a>\n\t\t\t\t<\/div>\n\t\t\t\t\t\t\t\t<\/div>\n\t\t\t\t<\/div>\n\t\t\t\t<\/div>\n\t\t<div class=\"elementor-element elementor-element-d18ffcd e-con-full e-flex e-con e-child\" data-id=\"d18ffcd\" data-element_type=\"container\" data-e-type=\"container\" data-settings=\"{&quot;background_background&quot;:&quot;classic&quot;}\">\n\t\t\t\t<\/div>\n\t\t\t\t<\/div>\n\t\t\t\t\t<\/div>\n\t\t\t\t<\/div>\n\t\t\t\t\t<\/div>\n\t\t\t\t<\/div>\n\t\t\t\t<\/div>\n\t\t","protected":false},"excerpt":{"rendered":"<p>A Human Approach to Well-Being Since 2012, R\u00e9flexe Sant\u00e9 has been providing professional and compassionate health and wellness care to the Cumberland \/ Orl\u00e9ans community in east Ottawa. Founded by certified reflexologist Louise Groulx, the practice is dedicated to offering personalized treatments that promote relaxation, vitality, and body balance. Contact Us Our Mission To promote [&hellip;]<\/p>\n","protected":false},"author":1,"featured_media":0,"parent":0,"menu_order":4,"comment_status":"closed","ping_status":"closed","template":"","meta":{"_acf_changed":false,"_seopress_robots_primary_cat":"","_seopress_titles_title":"About R\u00e9flexe Sant\u00e9 | Louise Groulx Reflexologist","_seopress_titles_desc":"Since 2012, R\u00e9flexe Sant\u00e9 has offered professional reflexology treatments in Ottawa. Learn about our mission, values, and human-centered approach.","_seopress_robots_index":"","footnotes":""},"class_list":["post-2781","page","type-page","status-publish"],"acf":[],"_links":{"self":[{"href":"https:\/\/reflexesante.ca\/en\/wp-json\/wp\/v2\/pages\/2781","targetHints":{"allow":["GET"]}}],"collection":[{"href":"https:\/\/reflexesante.ca\/en\/wp-json\/wp\/v2\/pages"}],"about":[{"href":"https:\/\/reflexesante.ca\/en\/wp-json\/wp\/v2\/types\/page"}],"author":[{"embeddable":true,"href":"https:\/\/reflexesante.ca\/en\/wp-json\/wp\/v2\/users\/1"}],"replies":[{"embeddable":true,"href":"https:\/\/reflexesante.ca\/en\/wp-json\/wp\/v2\/comments?post=2781"}],"version-history":[{"count":1,"href":"https:\/\/reflexesante.ca\/en\/wp-json\/wp\/v2\/pages\/2781\/revisions"}],"predecessor-version":[{"id":2782,"href":"https:\/\/reflexesante.ca\/en\/wp-json\/wp\/v2\/pages\/2781\/revisions\/2782"}],"wp:attachment":[{"href":"https:\/\/reflexesante.ca\/en\/wp-json\/wp\/v2\/media?parent=2781"}],"curies":[{"name":"wp","href":"https:\/\/api.w.org\/{rel}","templated":true}]}}